{"id":2300,"date":"2026-02-06T18:29:26","date_gmt":"2026-02-06T18:29:26","guid":{"rendered":"https:\/\/coopertaxi-bh.com.br\/?page_id=2300"},"modified":"2026-03-20T14:51:16","modified_gmt":"2026-03-20T14:51:16","slug":"links-coopertaxi","status":"publish","type":"page","link":"https:\/\/coopertaxi-bh.com.br\/en\/links-coopertaxi\/","title":{"rendered":"Links Coopert\u00e1xi"},"content":{"rendered":"<style>.elementor-2300 .elementor-element.elementor-element-a2eeaff{--display:flex;--flex-direction:column;--container-widget-width:100%;--container-widget-height:initial;--container-widget-flex-grow:0;--container-widget-align-self:initial;--flex-wrap-mobile:wrap;}.elementor-2300 .elementor-element.elementor-element-86cf4ce{--display:flex;--flex-direction:column;--container-widget-width:100%;--container-widget-height:initial;--container-widget-flex-grow:0;--container-widget-align-self:initial;--flex-wrap-mobile:wrap;}.elementor-2300 .elementor-element.elementor-element-86cf4ce.e-con{--align-self:center;--flex-grow:0;--flex-shrink:0;}.elementor-2300 .elementor-element.elementor-element-5a29ef9{width:var( --container-widget-width, 111.857% );max-width:111.857%;--container-widget-width:111.857%;--container-widget-flex-grow:0;}.elementor-2300 .elementor-element.elementor-element-5a29ef9.elementor-element{--flex-grow:0;--flex-shrink:0;}.elementor-2300 .elementor-element.elementor-element-aaa3a2f{--display:flex;--flex-direction:column;--container-widget-width:100%;--container-widget-height:initial;--container-widget-flex-grow:0;--container-widget-align-self:initial;--flex-wrap-mobile:wrap;}.elementor-2300 .elementor-element.elementor-element-a8a7dd1{--display:flex;}.elementor-2300 .elementor-element.elementor-element-a8a7dd1.e-con{--align-self:center;--flex-grow:0;--flex-shrink:0;}.elementor-2300 .elementor-element.elementor-element-d5e6e8a .elementor-button{background-color:#00CFFF;font-family:\"Avenir Medium\", Sans-serif;font-size:21px;font-weight:600;text-decoration:none;line-height:1em;fill:var( --e-global-color-secondary );color:var( --e-global-color-secondary );border-radius:20px 20px 20px 20px;padding:16px 26px 16px 26px;}.elementor-2300 .elementor-element.elementor-element-d5e6e8a .elementor-button:hover, .elementor-2300 .elementor-element.elementor-element-d5e6e8a .elementor-button:focus{background-color:var( --e-global-color-bab664c );color:var( --e-global-color-bc4180d );}.elementor-2300 .elementor-element.elementor-element-d5e6e8a.elementor-element{--align-self:center;--flex-grow:0;--flex-shrink:0;}.elementor-2300 .elementor-element.elementor-element-d5e6e8a .elementor-button:hover svg, .elementor-2300 .elementor-element.elementor-element-d5e6e8a .elementor-button:focus svg{fill:var( --e-global-color-bc4180d );}.elementor-2300 .elementor-element.elementor-element-40ca7d3 .elementor-button{background-color:#00CFFF;font-family:\"Avenir Medium\", Sans-serif;font-size:21px;font-weight:600;text-decoration:none;line-height:1em;fill:var( --e-global-color-secondary );color:var( --e-global-color-secondary );border-radius:20px 20px 20px 20px;padding:16px 100px 16px 100px;}.elementor-2300 .elementor-element.elementor-element-40ca7d3 .elementor-button:hover, .elementor-2300 .elementor-element.elementor-element-40ca7d3 .elementor-button:focus{background-color:var( --e-global-color-bab664c );color:var( --e-global-color-bc4180d );}.elementor-2300 .elementor-element.elementor-element-40ca7d3{width:var( --container-widget-width, 85.016% );max-width:85.016%;padding:0px 0px 0px 0px;--container-widget-width:85.016%;--container-widget-flex-grow:0;}.elementor-2300 .elementor-element.elementor-element-40ca7d3.elementor-element{--align-self:center;--flex-grow:0;--flex-shrink:0;}.elementor-2300 .elementor-element.elementor-element-40ca7d3 .elementor-button:hover svg, .elementor-2300 .elementor-element.elementor-element-40ca7d3 .elementor-button:focus svg{fill:var( --e-global-color-bc4180d );}.elementor-2300 .elementor-element.elementor-element-92eb7c2 .elementor-button{background-color:#00CFFF;font-family:\"Avenir Medium\", Sans-serif;font-size:21px;font-weight:600;text-decoration:none;line-height:1em;fill:var( --e-global-color-secondary );color:var( --e-global-color-secondary );border-radius:20px 20px 20px 20px;padding:16px 70px 16px 70px;}.elementor-2300 .elementor-element.elementor-element-92eb7c2 .elementor-button:hover, .elementor-2300 .elementor-element.elementor-element-92eb7c2 .elementor-button:focus{background-color:var( --e-global-color-bab664c );color:var( --e-global-color-bc4180d );}.elementor-2300 .elementor-element.elementor-element-92eb7c2.elementor-element{--align-self:center;--flex-grow:0;--flex-shrink:0;}.elementor-2300 .elementor-element.elementor-element-92eb7c2 .elementor-button:hover svg, .elementor-2300 .elementor-element.elementor-element-92eb7c2 .elementor-button:focus svg{fill:var( --e-global-color-bc4180d );}.elementor-2300 .elementor-element.elementor-element-9389aa5 .elementor-button{background-color:#00CFFF;font-family:\"Avenir Medium\", Sans-serif;font-size:21px;font-weight:600;text-decoration:none;line-height:1em;fill:var( --e-global-color-secondary );color:var( --e-global-color-secondary );border-radius:20px 20px 20px 20px;padding:16px 26px 16px 26px;}.elementor-2300 .elementor-element.elementor-element-9389aa5 .elementor-button:hover, .elementor-2300 .elementor-element.elementor-element-9389aa5 .elementor-button:focus{background-color:var( --e-global-color-bab664c );color:var( --e-global-color-bc4180d );}.elementor-2300 .elementor-element.elementor-element-9389aa5.elementor-element{--align-self:center;--flex-grow:0;--flex-shrink:0;}.elementor-2300 .elementor-element.elementor-element-9389aa5 .elementor-button:hover svg, .elementor-2300 .elementor-element.elementor-element-9389aa5 .elementor-button:focus svg{fill:var( --e-global-color-bc4180d );}.elementor-2300 .elementor-element.elementor-element-51da475 .elementor-button{background-color:#00CFFF;font-family:\"Avenir Medium\", Sans-serif;font-size:21px;font-weight:600;text-decoration:none;line-height:1em;fill:var( --e-global-color-secondary );color:var( --e-global-color-secondary );border-radius:20px 20px 20px 20px;padding:16px 70px 16px 70px;}.elementor-2300 .elementor-element.elementor-element-51da475 .elementor-button:hover, .elementor-2300 .elementor-element.elementor-element-51da475 .elementor-button:focus{background-color:var( --e-global-color-bab664c );color:var( --e-global-color-bc4180d );}.elementor-2300 .elementor-element.elementor-element-51da475.elementor-element{--align-self:center;--flex-grow:0;--flex-shrink:0;}.elementor-2300 .elementor-element.elementor-element-51da475 .elementor-button:hover svg, .elementor-2300 .elementor-element.elementor-element-51da475 .elementor-button:focus svg{fill:var( --e-global-color-bc4180d );}.elementor-2300 .elementor-element.elementor-element-5e53597 .elementor-button{background-color:#00CFFF;font-family:\"Avenir Medium\", Sans-serif;font-size:21px;font-weight:600;text-decoration:none;line-height:1em;fill:var( --e-global-color-secondary );color:var( --e-global-color-secondary );border-radius:20px 20px 20px 20px;padding:16px 100px 16px 100px;}.elementor-2300 .elementor-element.elementor-element-5e53597 .elementor-button:hover, .elementor-2300 .elementor-element.elementor-element-5e53597 .elementor-button:focus{background-color:var( --e-global-color-bab664c );color:var( --e-global-color-bc4180d );}.elementor-2300 .elementor-element.elementor-element-5e53597{width:var( --container-widget-width, 85.016% );max-width:85.016%;padding:0px 0px 0px 0px;--container-widget-width:85.016%;--container-widget-flex-grow:0;}.elementor-2300 .elementor-element.elementor-element-5e53597.elementor-element{--align-self:center;--flex-grow:0;--flex-shrink:0;}.elementor-2300 .elementor-element.elementor-element-5e53597 .elementor-button:hover svg, .elementor-2300 .elementor-element.elementor-element-5e53597 .elementor-button:focus svg{fill:var( --e-global-color-bc4180d );}@media(min-width:768px){.elementor-2300 .elementor-element.elementor-element-a2eeaff{--content-width:713px;}.elementor-2300 .elementor-element.elementor-element-86cf4ce{--width:78%;}.elementor-2300 .elementor-element.elementor-element-a8a7dd1{--width:39.039%;}}@media(max-width:1024px){.elementor-2300 .elementor-element.elementor-element-d5e6e8a .elementor-button{font-size:16px;}.elementor-2300 .elementor-element.elementor-element-40ca7d3 .elementor-button{font-size:16px;}.elementor-2300 .elementor-element.elementor-element-92eb7c2 .elementor-button{font-size:16px;}.elementor-2300 .elementor-element.elementor-element-9389aa5 .elementor-button{font-size:16px;}.elementor-2300 .elementor-element.elementor-element-51da475 .elementor-button{font-size:16px;}.elementor-2300 .elementor-element.elementor-element-5e53597 .elementor-button{font-size:16px;}}@media(max-width:767px){.elementor-2300 .elementor-element.elementor-element-d5e6e8a .elementor-button{font-size:16px;}.elementor-2300 .elementor-element.elementor-element-40ca7d3 .elementor-button{font-size:16px;}.elementor-2300 .elementor-element.elementor-element-92eb7c2 .elementor-button{font-size:16px;}.elementor-2300 .elementor-element.elementor-element-9389aa5 .elementor-button{font-size:16px;}.elementor-2300 .elementor-element.elementor-element-51da475 .elementor-button{font-size:16px;}.elementor-2300 .elementor-element.elementor-element-5e53597 .elementor-button{font-size:16px;}}\/* Start Custom Fonts CSS *\/@font-face {\n\tfont-family: 'Avenir Medium';\n\tfont-style: normal;\n\tfont-weight: normal;\n\tfont-display: auto;\n\tsrc: url('https:\/\/coopertaxi-bh.com.br\/wp-content\/uploads\/2025\/07\/Avenir-Medium-09.ttf') format('truetype');\n}\n\/* End Custom Fonts CSS *\/<\/style>\t\t<div data-elementor-type=\"wp-page\" data-elementor-id=\"2300\" class=\"elementor elementor-2300\" data-elementor-post-type=\"page\">\n\t\t\t\t<div class=\"elementor-element elementor-element-a2eeaff e-flex e-con-boxed e-con e-parent\" data-id=\"a2eeaff\" data-element_type=\"container\">\n\t\t\t\t\t<div class=\"e-con-inner\">\n\t\t<div class=\"elementor-element elementor-element-86cf4ce e-con-full e-flex e-con e-child\" data-id=\"86cf4ce\" data-element_type=\"container\">\n\t\t\t\t<div class=\"elementor-element elementor-element-5a29ef9 elementor-widget__width-initial elementor-widget elementor-widget-image\" data-id=\"5a29ef9\" data-element_type=\"widget\" data-widget_type=\"image.default\">\n\t\t\t\t\t\t\t\t\t\t\t\t\t\t\t<img decoding=\"async\" data-src=\"https:\/\/coopertaxi-bh.com.br\/wp-content\/uploads\/2026\/02\/Capa-pagina-Links-Institucional.webp\" title=\"Capa-p\u00e1gina-Links-Institucional\" alt=\"Capa-p\u00e1gina-Links-Institucional\" src=\"data:image\/svg+xml;base64,PHN2ZyB3aWR0aD0iMSIgaGVpZ2h0PSIxIiB4bWxucz0iaHR0cDovL3d3dy53My5vcmcvMjAwMC9zdmciPjwvc3ZnPg==\" class=\"lazyload\" style=\"--smush-placeholder-width: 1820px; --smush-placeholder-aspect-ratio: 1820\/800;\" \/>\t\t\t\t\t\t\t\t\t\t\t\t\t\t\t<\/div>\n\t\t\t\t<\/div>\n\t\t\t\t\t<\/div>\n\t\t\t\t<\/div>\n\t\t<div class=\"elementor-element elementor-element-aaa3a2f e-flex e-con-boxed e-con e-parent\" data-id=\"aaa3a2f\" data-element_type=\"container\">\n\t\t\t\t\t<div class=\"e-con-inner\">\n\t\t<div class=\"elementor-element elementor-element-a8a7dd1 e-con-full e-flex e-con e-child\" data-id=\"a8a7dd1\" data-element_type=\"container\">\n\t\t\t\t<div class=\"elementor-element elementor-element-d5e6e8a elementor-align-center elementor-widget elementor-widget-button\" data-id=\"d5e6e8a\" data-element_type=\"widget\" data-widget_type=\"button.default\">\n\t\t\t\t\t\t\t\t\t\t<a class=\"elementor-button elementor-button-link elementor-size-sm\" href=\"https:\/\/wa.me\/553121082424?text=Ol\u00e1%2C%20quero%20agendar%20um%20transfer.\">\n\t\t\t\t\t\t<span class=\"elementor-button-content-wrapper\">\n\t\t\t\t\t\t\t\t\t<span class=\"elementor-button-text\">\ud83d\uddd3\ufe0f Agendamento de transfer<\/span>\n\t\t\t\t\t<\/span>\n\t\t\t\t\t<\/a>\n\t\t\t\t\t\t\t\t<\/div>\n\t\t\t\t<div class=\"elementor-element elementor-element-40ca7d3 elementor-align-center elementor-widget__width-initial elementor-widget elementor-widget-button\" data-id=\"40ca7d3\" data-element_type=\"widget\" data-widget_type=\"button.default\">\n\t\t\t\t\t\t\t\t\t\t<a class=\"elementor-button elementor-button-link elementor-size-sm\" href=\"https:\/\/coopertaxi-bh.com.br\/en\/\">\n\t\t\t\t\t\t<span class=\"elementor-button-content-wrapper\">\n\t\t\t\t\t\t\t\t\t<span class=\"elementor-button-text\">\ud83c\udf10 Official website<\/span>\n\t\t\t\t\t<\/span>\n\t\t\t\t\t<\/a>\n\t\t\t\t\t\t\t\t<\/div>\n\t\t\t\t<div class=\"elementor-element elementor-element-92eb7c2 elementor-align-center elementor-hidden-tablet elementor-hidden-mobile elementor-widget elementor-widget-button\" data-id=\"92eb7c2\" data-element_type=\"widget\" data-widget_type=\"button.default\">\n\t\t\t\t\t\t\t\t\t\t<a class=\"elementor-button elementor-button-link elementor-size-sm\" href=\"#elementor-action%3Aaction%3Dpopup%3Aopen%26settings%3DeyJpZCI6IjIyNyIsInRvZ2dsZSI6ZmFsc2V9\">\n\t\t\t\t\t\t<span class=\"elementor-button-content-wrapper\">\n\t\t\t\t\t\t\t\t\t<span class=\"elementor-button-text\">\ud83d\udcf1 Download <br>Our App<\/span>\n\t\t\t\t\t<\/span>\n\t\t\t\t\t<\/a>\n\t\t\t\t\t\t\t\t<\/div>\n\t\t\t\t<div class=\"elementor-element elementor-element-9389aa5 elementor-align-center elementor-widget elementor-widget-button\" data-id=\"9389aa5\" data-element_type=\"widget\" data-widget_type=\"button.default\">\n\t\t\t\t\t\t\t\t\t\t<a class=\"elementor-button elementor-button-link elementor-size-sm\" href=\"tel:3134212424\">\n\t\t\t\t\t\t<span class=\"elementor-button-content-wrapper\">\n\t\t\t\t\t\t\t\t\t<span class=\"elementor-button-text\">\ud83d\ude95 Call to Request a Taxi<\/span>\n\t\t\t\t\t<\/span>\n\t\t\t\t\t<\/a>\n\t\t\t\t\t\t\t\t<\/div>\n\t\t\t\t<div class=\"elementor-element elementor-element-51da475 elementor-align-center elementor-hidden-desktop elementor-widget elementor-widget-button\" data-id=\"51da475\" data-element_type=\"widget\" data-widget_type=\"button.default\">\n\t\t\t\t\t\t\t\t\t\t<a class=\"elementor-button elementor-button-link elementor-size-sm\" href=\"https:\/\/coopertaxi-bh.com.br\/app.html\">\n\t\t\t\t\t\t<span class=\"elementor-button-content-wrapper\">\n\t\t\t\t\t\t\t\t\t<span class=\"elementor-button-text\">\ud83d\udcf1 Download <br>Our App<\/span>\n\t\t\t\t\t<\/span>\n\t\t\t\t\t<\/a>\n\t\t\t\t\t\t\t\t<\/div>\n\t\t\t\t<div class=\"elementor-element elementor-element-5e53597 elementor-align-center elementor-widget__width-initial elementor-widget elementor-widget-button\" data-id=\"5e53597\" data-element_type=\"widget\" data-widget_type=\"button.default\">\n\t\t\t\t\t\t\t\t\t\t<a class=\"elementor-button elementor-button-link elementor-size-sm\" href=\"https:\/\/coopertaxi-bh.com.br\/en\/blog\/\">\n\t\t\t\t\t\t<span class=\"elementor-button-content-wrapper\">\n\t\t\t\t\t\t\t\t\t<span class=\"elementor-button-text\">\ud83d\udcd4 Nosso Blog <\/span>\n\t\t\t\t\t<\/span>\n\t\t\t\t\t<\/a>\n\t\t\t\t\t\t\t\t<\/div>\n\t\t\t\t<\/div>\n\t\t\t\t\t<\/div>\n\t\t\t\t<\/div>\n\t\t\t\t<\/div>","protected":false},"excerpt":{"rendered":"<p>\ud83d\uddd3\ufe0f Agendamento de transfer \ud83c\udf10 Site oficial \ud83d\udcf1 Baixe nosso App \ud83d\ude95 Pe\u00e7a seu T\u00e1xi por telefone \ud83d\udcf1 Baixe nosso App \ud83d\udcd4 Nosso Blog<\/p>","protected":false},"author":1,"featured_media":0,"parent":0,"menu_order":0,"comment_status":"closed","ping_status":"closed","template":"elementor_canvas","meta":{"footnotes":""},"class_list":["post-2300","page","type-page","status-publish","hentry"],"yoast_head":"<!-- This site is optimized with the Yoast SEO plugin v26.8 - https:\/\/yoast.com\/product\/yoast-seo-wordpress\/ -->\n<title>Links Coopert\u00e1xi - Coopert\u00e1xi BH | T\u00e1xi com Seguran\u00e7a, Tradi\u00e7\u00e3o e Confian\u00e7a<\/title>\n<meta name=\"description\" content=\"Acesse os links mais importantes da Coopert\u00e1xi. Chame seu T\u00e1xi, acesse nosso blog e muito mais. Conhe\u00e7a agora mesmo.\" \/>\n<meta name=\"robots\" content=\"index, follow, max-snippet:-1, max-image-preview:large, max-video-preview:-1\" \/>\n<link rel=\"canonical\" href=\"https:\/\/coopertaxi-bh.com.br\/en\/links-coopertaxi\/\" \/>\n<meta property=\"og:locale\" content=\"en_US\" \/>\n<meta property=\"og:type\" content=\"article\" \/>\n<meta property=\"og:title\" content=\"Links Coopert\u00e1xi - Coopert\u00e1xi BH | T\u00e1xi com Seguran\u00e7a, Tradi\u00e7\u00e3o e Confian\u00e7a\" \/>\n<meta property=\"og:description\" content=\"Acesse os links mais importantes da Coopert\u00e1xi. Chame seu T\u00e1xi, acesse nosso blog e muito mais. Conhe\u00e7a agora mesmo.\" \/>\n<meta property=\"og:url\" content=\"https:\/\/coopertaxi-bh.com.br\/en\/links-coopertaxi\/\" \/>\n<meta property=\"og:site_name\" content=\"Coopert\u00e1xi BH | T\u00e1xi com Seguran\u00e7a, Tradi\u00e7\u00e3o e Confian\u00e7a\" \/>\n<meta property=\"article:modified_time\" content=\"2026-03-20T14:51:16+00:00\" \/>\n<meta property=\"og:image\" content=\"https:\/\/coopertaxi-bh.com.br\/wp-content\/uploads\/2026\/02\/Capa-pagina-Links-Institucional.webp\" \/>\n<meta name=\"twitter:card\" content=\"summary_large_image\" \/>\n<meta name=\"twitter:label1\" content=\"Est. reading time\" \/>\n\t<meta name=\"twitter:data1\" content=\"2 minutes\" \/>\n<script type=\"application\/ld+json\" class=\"yoast-schema-graph\">{\"@context\":\"https:\/\/schema.org\",\"@graph\":[{\"@type\":\"WebPage\",\"@id\":\"https:\/\/coopertaxi-bh.com.br\/links-coopertaxi\/\",\"url\":\"https:\/\/coopertaxi-bh.com.br\/links-coopertaxi\/\",\"name\":\"Links Coopert\u00e1xi - Coopert\u00e1xi BH | T\u00e1xi com Seguran\u00e7a, Tradi\u00e7\u00e3o e Confian\u00e7a\",\"isPartOf\":{\"@id\":\"https:\/\/coopertaxi-bh.com.br\/#website\"},\"primaryImageOfPage\":{\"@id\":\"https:\/\/coopertaxi-bh.com.br\/links-coopertaxi\/#primaryimage\"},\"image\":{\"@id\":\"https:\/\/coopertaxi-bh.com.br\/links-coopertaxi\/#primaryimage\"},\"thumbnailUrl\":\"https:\/\/coopertaxi-bh.com.br\/wp-content\/uploads\/2026\/02\/Capa-pagina-Links-Institucional.webp\",\"datePublished\":\"2026-02-06T18:29:26+00:00\",\"dateModified\":\"2026-03-20T14:51:16+00:00\",\"description\":\"Acesse os links mais importantes da Coopert\u00e1xi. Chame seu T\u00e1xi, acesse nosso blog e muito mais. Conhe\u00e7a agora mesmo.\",\"breadcrumb\":{\"@id\":\"https:\/\/coopertaxi-bh.com.br\/links-coopertaxi\/#breadcrumb\"},\"inLanguage\":\"en-US\",\"potentialAction\":[{\"@type\":\"ReadAction\",\"target\":[\"https:\/\/coopertaxi-bh.com.br\/links-coopertaxi\/\"]}]},{\"@type\":\"ImageObject\",\"inLanguage\":\"en-US\",\"@id\":\"https:\/\/coopertaxi-bh.com.br\/links-coopertaxi\/#primaryimage\",\"url\":\"https:\/\/coopertaxi-bh.com.br\/wp-content\/uploads\/2026\/02\/Capa-pagina-Links-Institucional.webp\",\"contentUrl\":\"https:\/\/coopertaxi-bh.com.br\/wp-content\/uploads\/2026\/02\/Capa-pagina-Links-Institucional.webp\"},{\"@type\":\"BreadcrumbList\",\"@id\":\"https:\/\/coopertaxi-bh.com.br\/links-coopertaxi\/#breadcrumb\",\"itemListElement\":[{\"@type\":\"ListItem\",\"position\":1,\"name\":\"In\u00edcio\",\"item\":\"https:\/\/coopertaxi-bh.com.br\/\"},{\"@type\":\"ListItem\",\"position\":2,\"name\":\"Links Coopert\u00e1xi\"}]},{\"@type\":\"WebSite\",\"@id\":\"https:\/\/coopertaxi-bh.com.br\/#website\",\"url\":\"https:\/\/coopertaxi-bh.com.br\/\",\"name\":\"Coopert\u00e1xi BH | T\u00e1xi com Seguran\u00e7a, Tradi\u00e7\u00e3o e Confian\u00e7a\",\"description\":\"Coopert\u00e1xi BH: A maior cooperativa de t\u00e1xis de BH, desde 1984. Transporte seguro, frota moderna, app exclusivo e atendimento 24h.\",\"publisher\":{\"@id\":\"https:\/\/coopertaxi-bh.com.br\/#organization\"},\"potentialAction\":[{\"@type\":\"SearchAction\",\"target\":{\"@type\":\"EntryPoint\",\"urlTemplate\":\"https:\/\/coopertaxi-bh.com.br\/?s={search_term_string}\"},\"query-input\":{\"@type\":\"PropertyValueSpecification\",\"valueRequired\":true,\"valueName\":\"search_term_string\"}}],\"inLanguage\":\"en-US\"},{\"@type\":\"Organization\",\"@id\":\"https:\/\/coopertaxi-bh.com.br\/#organization\",\"name\":\"Coopert\u00e1xi BH | T\u00e1xi com Seguran\u00e7a, Tradi\u00e7\u00e3o e Confian\u00e7a\",\"url\":\"https:\/\/coopertaxi-bh.com.br\/\",\"logo\":{\"@type\":\"ImageObject\",\"inLanguage\":\"en-US\",\"@id\":\"https:\/\/coopertaxi-bh.com.br\/#\/schema\/logo\/image\/\",\"url\":\"https:\/\/coopertaxi-bh.com.br\/wp-content\/uploads\/2025\/07\/Logotipo-Coopertaxi-BH-Com-Texto-1.webp\",\"contentUrl\":\"https:\/\/coopertaxi-bh.com.br\/wp-content\/uploads\/2025\/07\/Logotipo-Coopertaxi-BH-Com-Texto-1.webp\",\"width\":630,\"height\":194,\"caption\":\"Coopert\u00e1xi BH | T\u00e1xi com Seguran\u00e7a, Tradi\u00e7\u00e3o e Confian\u00e7a\"},\"image\":{\"@id\":\"https:\/\/coopertaxi-bh.com.br\/#\/schema\/logo\/image\/\"}}]}<\/script>\n<!-- \/ Yoast SEO plugin. -->","yoast_head_json":{"title":"Links Coopert\u00e1xi - Coopert\u00e1xi BH | T\u00e1xi com Seguran\u00e7a, Tradi\u00e7\u00e3o e Confian\u00e7a","description":"Acesse os links mais importantes da Coopert\u00e1xi. Chame seu T\u00e1xi, acesse nosso blog e muito mais. Conhe\u00e7a agora mesmo.","robots":{"index":"index","follow":"follow","max-snippet":"max-snippet:-1","max-image-preview":"max-image-preview:large","max-video-preview":"max-video-preview:-1"},"canonical":"https:\/\/coopertaxi-bh.com.br\/en\/links-coopertaxi\/","og_locale":"en_US","og_type":"article","og_title":"Links Coopert\u00e1xi - Coopert\u00e1xi BH | T\u00e1xi com Seguran\u00e7a, Tradi\u00e7\u00e3o e Confian\u00e7a","og_description":"Acesse os links mais importantes da Coopert\u00e1xi. Chame seu T\u00e1xi, acesse nosso blog e muito mais. Conhe\u00e7a agora mesmo.","og_url":"https:\/\/coopertaxi-bh.com.br\/en\/links-coopertaxi\/","og_site_name":"Coopert\u00e1xi BH | T\u00e1xi com Seguran\u00e7a, Tradi\u00e7\u00e3o e Confian\u00e7a","article_modified_time":"2026-03-20T14:51:16+00:00","og_image":[{"url":"https:\/\/coopertaxi-bh.com.br\/wp-content\/uploads\/2026\/02\/Capa-pagina-Links-Institucional.webp","type":"","width":"","height":""}],"twitter_card":"summary_large_image","twitter_misc":{"Est. reading time":"2 minutes"},"schema":{"@context":"https:\/\/schema.org","@graph":[{"@type":"WebPage","@id":"https:\/\/coopertaxi-bh.com.br\/links-coopertaxi\/","url":"https:\/\/coopertaxi-bh.com.br\/links-coopertaxi\/","name":"Links Coopert\u00e1xi - Coopert\u00e1xi BH | T\u00e1xi com Seguran\u00e7a, Tradi\u00e7\u00e3o e Confian\u00e7a","isPartOf":{"@id":"https:\/\/coopertaxi-bh.com.br\/#website"},"primaryImageOfPage":{"@id":"https:\/\/coopertaxi-bh.com.br\/links-coopertaxi\/#primaryimage"},"image":{"@id":"https:\/\/coopertaxi-bh.com.br\/links-coopertaxi\/#primaryimage"},"thumbnailUrl":"https:\/\/coopertaxi-bh.com.br\/wp-content\/uploads\/2026\/02\/Capa-pagina-Links-Institucional.webp","datePublished":"2026-02-06T18:29:26+00:00","dateModified":"2026-03-20T14:51:16+00:00","description":"Acesse os links mais importantes da Coopert\u00e1xi. Chame seu T\u00e1xi, acesse nosso blog e muito mais. Conhe\u00e7a agora mesmo.","breadcrumb":{"@id":"https:\/\/coopertaxi-bh.com.br\/links-coopertaxi\/#breadcrumb"},"inLanguage":"en-US","potentialAction":[{"@type":"ReadAction","target":["https:\/\/coopertaxi-bh.com.br\/links-coopertaxi\/"]}]},{"@type":"ImageObject","inLanguage":"en-US","@id":"https:\/\/coopertaxi-bh.com.br\/links-coopertaxi\/#primaryimage","url":"https:\/\/coopertaxi-bh.com.br\/wp-content\/uploads\/2026\/02\/Capa-pagina-Links-Institucional.webp","contentUrl":"https:\/\/coopertaxi-bh.com.br\/wp-content\/uploads\/2026\/02\/Capa-pagina-Links-Institucional.webp"},{"@type":"BreadcrumbList","@id":"https:\/\/coopertaxi-bh.com.br\/links-coopertaxi\/#breadcrumb","itemListElement":[{"@type":"ListItem","position":1,"name":"In\u00edcio","item":"https:\/\/coopertaxi-bh.com.br\/"},{"@type":"ListItem","position":2,"name":"Links Coopert\u00e1xi"}]},{"@type":"WebSite","@id":"https:\/\/coopertaxi-bh.com.br\/#website","url":"https:\/\/coopertaxi-bh.com.br\/","name":"Coopert\u00e1xi BH | Taxi with Safety, Tradition and Trust","description":"Coopert\u00e1xi BH: A maior cooperativa de t\u00e1xis de BH, desde 1984. Transporte seguro, frota moderna, app exclusivo e atendimento 24h.","publisher":{"@id":"https:\/\/coopertaxi-bh.com.br\/#organization"},"potentialAction":[{"@type":"SearchAction","target":{"@type":"EntryPoint","urlTemplate":"https:\/\/coopertaxi-bh.com.br\/?s={search_term_string}"},"query-input":{"@type":"PropertyValueSpecification","valueRequired":true,"valueName":"search_term_string"}}],"inLanguage":"en-US"},{"@type":"Organization","@id":"https:\/\/coopertaxi-bh.com.br\/#organization","name":"Coopert\u00e1xi BH | Taxi with Safety, Tradition and Trust","url":"https:\/\/coopertaxi-bh.com.br\/","logo":{"@type":"ImageObject","inLanguage":"en-US","@id":"https:\/\/coopertaxi-bh.com.br\/#\/schema\/logo\/image\/","url":"https:\/\/coopertaxi-bh.com.br\/wp-content\/uploads\/2025\/07\/Logotipo-Coopertaxi-BH-Com-Texto-1.webp","contentUrl":"https:\/\/coopertaxi-bh.com.br\/wp-content\/uploads\/2025\/07\/Logotipo-Coopertaxi-BH-Com-Texto-1.webp","width":630,"height":194,"caption":"Coopert\u00e1xi BH | T\u00e1xi com Seguran\u00e7a, Tradi\u00e7\u00e3o e Confian\u00e7a"},"image":{"@id":"https:\/\/coopertaxi-bh.com.br\/#\/schema\/logo\/image\/"}}]}},"_links":{"self":[{"href":"https:\/\/coopertaxi-bh.com.br\/en\/wp-json\/wp\/v2\/pages\/2300","targetHints":{"allow":["GET"]}}],"collection":[{"href":"https:\/\/coopertaxi-bh.com.br\/en\/wp-json\/wp\/v2\/pages"}],"about":[{"href":"https:\/\/coopertaxi-bh.com.br\/en\/wp-json\/wp\/v2\/types\/page"}],"author":[{"embeddable":true,"href":"https:\/\/coopertaxi-bh.com.br\/en\/wp-json\/wp\/v2\/users\/1"}],"replies":[{"embeddable":true,"href":"https:\/\/coopertaxi-bh.com.br\/en\/wp-json\/wp\/v2\/comments?post=2300"}],"version-history":[{"count":28,"href":"https:\/\/coopertaxi-bh.com.br\/en\/wp-json\/wp\/v2\/pages\/2300\/revisions"}],"predecessor-version":[{"id":2449,"href":"https:\/\/coopertaxi-bh.com.br\/en\/wp-json\/wp\/v2\/pages\/2300\/revisions\/2449"}],"wp:attachment":[{"href":"https:\/\/coopertaxi-bh.com.br\/en\/wp-json\/wp\/v2\/media?parent=2300"}],"curies":[{"name":"wp","href":"https:\/\/api.w.org\/{rel}","templated":true}]}}