{"id":620,"date":"2025-07-28T23:03:20","date_gmt":"2025-07-28T23:03:20","guid":{"rendered":"https:\/\/coopertaxi-bh.com.br\/?page_id=620"},"modified":"2025-08-05T14:33:28","modified_gmt":"2025-08-05T14:33:28","slug":"novo-desconto-coopertaxi","status":"publish","type":"page","link":"https:\/\/coopertaxi-bh.com.br\/en\/novo-desconto-coopertaxi\/","title":{"rendered":"Pol\u00edtica de Desconto"},"content":{"rendered":"<style>.elementor-620 .elementor-element.elementor-element-43620a5a > .elementor-container{max-width:1440px;}.elementor-620 .elementor-element.elementor-element-43620a5a:not(.elementor-motion-effects-element-type-background), .elementor-620 .elementor-element.elementor-element-43620a5a > .elementor-motion-effects-container > .elementor-motion-effects-layer{background-color:var( --e-global-color-bc4180d );}.elementor-620 .elementor-element.elementor-element-43620a5a{transition:background 0.3s, border 0.3s, border-radius 0.3s, box-shadow 0.3s;padding:0px 0px 0px 0px;z-index:0;}.elementor-620 .elementor-element.elementor-element-43620a5a > .elementor-background-overlay{transition:background 0.3s, border-radius 0.3s, opacity 0.3s;}.elementor-620 .elementor-element.elementor-element-7ec2235e:not(.elementor-motion-effects-element-type-background) > .elementor-widget-wrap, .elementor-620 .elementor-element.elementor-element-7ec2235e > .elementor-widget-wrap > .elementor-motion-effects-container > .elementor-motion-effects-layer{background-image:url(\"https:\/\/coopertaxi-bh.com.br\/wp-content\/uploads\/2025\/07\/5.1_Contato_Hero_Coopertaxi-BH-1-1.webp\");background-position:-10px -75px;background-repeat:no-repeat;background-size:100% auto;}.elementor-620 .elementor-element.elementor-element-7ec2235e > .elementor-element-populated >  .elementor-background-overlay{background-color:#00000000;opacity:0.4;}.elementor-620 .elementor-element.elementor-element-7ec2235e > .elementor-element-populated, .elementor-620 .elementor-element.elementor-element-7ec2235e > .elementor-element-populated > .elementor-background-overlay, .elementor-620 .elementor-element.elementor-element-7ec2235e > .elementor-background-slideshow{border-radius:24px 24px 24px 24px;}.elementor-620 .elementor-element.elementor-element-7ec2235e > .elementor-element-populated{transition:background 0.3s, border 0.3s, border-radius 0.3s, box-shadow 0.3s;margin:0px 0px 0px 0px;--e-column-margin-right:0px;--e-column-margin-left:0px;padding:100px 0px 100px 0px;}.elementor-620 .elementor-element.elementor-element-7ec2235e > .elementor-element-populated > .elementor-background-overlay{transition:background 0.3s, border-radius 0.3s, opacity 0.3s;}.elementor-620 .elementor-element.elementor-element-7ec2235e{z-index:0;}.elementor-620 .elementor-element.elementor-element-6e9714a1 > .elementor-container{max-width:1280px;}.elementor-620 .elementor-element.elementor-element-6e9714a1{margin-top:-61px;margin-bottom:12px;padding:-1px 0px 0px 0px;}.elementor-620 .elementor-element.elementor-element-7d34fb1d{--spacer-size:67px;}.elementor-620 .elementor-element.elementor-element-19186ed4{text-align:center;margin:0px 0px calc(var(--kit-widget-spacing, 0px) + 0px) 0px;}.elementor-620 .elementor-element.elementor-element-19186ed4 .elementor-heading-title{font-family:\"Avenir Medium\", Sans-serif;font-size:40px;font-weight:500;line-height:1.1em;color:var( --e-global-color-secondary );}.elementor-620 .elementor-element.elementor-element-19186ed4.elementor-element{--flex-grow:0;--flex-shrink:0;}.elementor-620 .elementor-element.elementor-element-9bd3930{--spacer-size:270px;}.elementor-620 .elementor-element.elementor-element-7d797a55{--display:flex;--flex-direction:column;--container-widget-width:100%;--container-widget-height:initial;--container-widget-flex-grow:0;--container-widget-align-self:initial;--flex-wrap-mobile:wrap;--overlay-opacity:0.5;}.elementor-620 .elementor-element.elementor-element-7d797a55::before, .elementor-620 .elementor-element.elementor-element-7d797a55 > .elementor-background-video-container::before, .elementor-620 .elementor-element.elementor-element-7d797a55 > .e-con-inner > .elementor-background-video-container::before, .elementor-620 .elementor-element.elementor-element-7d797a55 > .elementor-background-slideshow::before, .elementor-620 .elementor-element.elementor-element-7d797a55 > .e-con-inner > .elementor-background-slideshow::before, .elementor-620 .elementor-element.elementor-element-7d797a55 > .elementor-motion-effects-container > .elementor-motion-effects-layer::before{--background-overlay:'';background-color:#FFFFFF00;}.elementor-620 .elementor-element.elementor-element-52038b5{--display:flex;}.elementor-620 .elementor-element.elementor-element-7c356165{--spacer-size:50px;}.elementor-620 .elementor-element.elementor-element-28b7ecd5 .elementor-heading-title{font-family:\"Avenir Medium\", Sans-serif;font-size:58px;font-weight:500;line-height:1.1em;color:var( --e-global-color-secondary );}.elementor-620 .elementor-element.elementor-element-6f3a20b9{--spacer-size:50px;}.elementor-620 .elementor-element.elementor-element-29419d90{--spacer-size:50px;}.elementor-620 .elementor-element.elementor-element-36848f97 > .elementor-container{max-width:1280px;}.elementor-620 .elementor-element.elementor-element-36848f97{padding:50px 0px 050px 0px;}.elementor-bc-flex-widget .elementor-620 .elementor-element.elementor-element-12d909f0.elementor-column .elementor-widget-wrap{align-items:center;}.elementor-620 .elementor-element.elementor-element-12d909f0.elementor-column.elementor-element[data-element_type=\"column\"] > .elementor-widget-wrap.elementor-element-populated{align-content:center;align-items:center;}.elementor-620 .elementor-element.elementor-element-12d909f0 > .elementor-element-populated{margin:0px 0px 0px 40px;--e-column-margin-right:0px;--e-column-margin-left:40px;}.elementor-620 .elementor-element.elementor-element-16639bf9{text-align:start;}.elementor-620 .elementor-element.elementor-element-16639bf9 .elementor-heading-title{font-family:\"Avenir Medium\", Sans-serif;font-size:35px;font-weight:400;line-height:1.1em;color:var( --e-global-color-primary );}.elementor-620 .elementor-element.elementor-element-18efc94f{text-align:start;font-family:\"Avenir Medium\", Sans-serif;font-size:18px;font-weight:400;line-height:1.7em;color:var( --e-global-color-text );margin:0px 0px calc(var(--kit-widget-spacing, 0px) + 0px) 0px;}@media(max-width:1024px){.elementor-620 .elementor-element.elementor-element-7ec2235e:not(.elementor-motion-effects-element-type-background) > .elementor-widget-wrap, .elementor-620 .elementor-element.elementor-element-7ec2235e > .elementor-widget-wrap > .elementor-motion-effects-container > .elementor-motion-effects-layer{background-position:center center;}.elementor-620 .elementor-element.elementor-element-7ec2235e > .elementor-element-populated, .elementor-620 .elementor-element.elementor-element-7ec2235e > .elementor-element-populated > .elementor-background-overlay, .elementor-620 .elementor-element.elementor-element-7ec2235e > .elementor-background-slideshow{border-radius:18px 18px 18px 18px;}.elementor-620 .elementor-element.elementor-element-7ec2235e > .elementor-element-populated{margin:0px 10px 0px 10px;--e-column-margin-right:10px;--e-column-margin-left:10px;}.elementor-620 .elementor-element.elementor-element-6e9714a1{padding:0px 15px 0px 15px;}.elementor-620 .elementor-element.elementor-element-19186ed4 .elementor-heading-title{font-size:48px;}.elementor-620 .elementor-element.elementor-element-28b7ecd5{text-align:center;}.elementor-620 .elementor-element.elementor-element-28b7ecd5 .elementor-heading-title{font-size:48px;}.elementor-620 .elementor-element.elementor-element-36848f97{padding:80px 23px 50px 23px;}.elementor-620 .elementor-element.elementor-element-12d909f0 > .elementor-element-populated{margin:0px 0px 40px 0px;--e-column-margin-right:0px;--e-column-margin-left:0px;}.elementor-620 .elementor-element.elementor-element-16639bf9 .elementor-heading-title{font-size:41px;line-height:1.2em;}.elementor-620 .elementor-element.elementor-element-18efc94f{font-size:15px;}}@media(max-width:767px){.elementor-620 .elementor-element.elementor-element-7ec2235e > .elementor-element-populated{margin:0px 0px 0px 0px;--e-column-margin-right:0px;--e-column-margin-left:0px;}.elementor-620 .elementor-element.elementor-element-6e9714a1{padding:0px 10px 0px 10px;}.elementor-620 .elementor-element.elementor-element-19186ed4 .elementor-heading-title{font-size:43px;}.elementor-620 .elementor-element.elementor-element-7d797a55:not(.elementor-motion-effects-element-type-background), .elementor-620 .elementor-element.elementor-element-7d797a55 > .elementor-motion-effects-container > .elementor-motion-effects-layer{background-image:url(\"https:\/\/coopertaxi-bh.com.br\/wp-content\/uploads\/2025\/07\/Mobile_Hero_Coopertaxi_BH_Contato.webp\");background-repeat:no-repeat;background-size:cover;}.elementor-620 .elementor-element.elementor-element-7d797a55{--margin-top:0px;--margin-bottom:0px;--margin-left:0px;--margin-right:0px;}.elementor-620 .elementor-element.elementor-element-28b7ecd5{text-align:center;}.elementor-620 .elementor-element.elementor-element-28b7ecd5 .elementor-heading-title{font-size:40px;}.elementor-620 .elementor-element.elementor-element-6f3a20b9{--spacer-size:300px;}.elementor-620 .elementor-element.elementor-element-36848f97{margin-top:15px;margin-bottom:0px;padding:60px 10px 50px 10px;}.elementor-620 .elementor-element.elementor-element-12d909f0 > .elementor-element-populated{margin:50px 0px 50px 0px;--e-column-margin-right:0px;--e-column-margin-left:0px;}.elementor-620 .elementor-element.elementor-element-16639bf9 .elementor-heading-title{font-size:32px;line-height:1.2em;}.elementor-620 .elementor-element.elementor-element-18efc94f{font-size:20px;}}@media(min-width:768px){.elementor-620 .elementor-element.elementor-element-7ec2235e{width:100%;}}@media(max-width:1024px) and (min-width:768px){.elementor-620 .elementor-element.elementor-element-12d909f0{width:100%;}}\/* Start Custom Fonts CSS *\/@font-face {\n\tfont-family: 'Avenir Medium';\n\tfont-style: normal;\n\tfont-weight: normal;\n\tfont-display: auto;\n\tsrc: url('https:\/\/coopertaxi-bh.com.br\/wp-content\/uploads\/2025\/07\/Avenir-Medium-09.ttf') format('truetype');\n}\n\/* End Custom Fonts CSS *\/<\/style>\t\t<div data-elementor-type=\"wp-page\" data-elementor-id=\"620\" class=\"elementor elementor-620\" data-elementor-post-type=\"page\">\n\t\t\t\t\t\t<section class=\"elementor-section elementor-top-section elementor-element elementor-element-43620a5a elementor-hidden-tablet elementor-hidden-mobile elementor-section-boxed elementor-section-height-default elementor-section-height-default\" data-id=\"43620a5a\" data-element_type=\"section\" data-e-type=\"section\" data-settings=\"{&quot;background_background&quot;:&quot;classic&quot;}\">\n\t\t\t\t\t\t<div class=\"elementor-container elementor-column-gap-default\">\n\t\t\t\t\t<div class=\"elementor-column elementor-col-100 elementor-top-column elementor-element elementor-element-7ec2235e\" data-id=\"7ec2235e\" data-element_type=\"column\" data-e-type=\"column\" data-settings=\"{&quot;background_background&quot;:&quot;classic&quot;}\">\n\t\t\t<div class=\"elementor-widget-wrap elementor-element-populated\">\n\t\t\t\t\t<div class=\"elementor-background-overlay\"><\/div>\n\t\t\t\t\t\t<section class=\"elementor-section elementor-inner-section elementor-element elementor-element-6e9714a1 elementor-section-boxed elementor-section-height-default elementor-section-height-default\" data-id=\"6e9714a1\" data-element_type=\"section\" data-e-type=\"section\">\n\t\t\t\t\t\t<div class=\"elementor-container elementor-column-gap-no\">\n\t\t\t\t\t<div class=\"elementor-column elementor-col-100 elementor-inner-column elementor-element elementor-element-4cf99191 elementor-invisible\" data-id=\"4cf99191\" data-element_type=\"column\" data-e-type=\"column\" data-settings=\"{&quot;animation&quot;:&quot;fadeInLeft&quot;}\">\n\t\t\t<div class=\"elementor-widget-wrap elementor-element-populated\">\n\t\t\t\t\t\t<div class=\"elementor-element elementor-element-7d34fb1d elementor-widget elementor-widget-spacer\" data-id=\"7d34fb1d\" data-element_type=\"widget\" data-e-type=\"widget\" data-widget_type=\"spacer.default\">\n\t\t\t\t\t\t\t<div class=\"elementor-spacer\">\n\t\t\t<div class=\"elementor-spacer-inner\"><\/div>\n\t\t<\/div>\n\t\t\t\t\t\t<\/div>\n\t\t\t\t<div class=\"elementor-element elementor-element-19186ed4 elementor-widget elementor-widget-heading\" data-id=\"19186ed4\" data-element_type=\"widget\" data-e-type=\"widget\" data-widget_type=\"heading.default\">\n\t\t\t\t\t<h1 class=\"elementor-heading-title elementor-size-default translation-block\">New Discount<br>\nCoopert\u00e1xi<\/h1>\t\t\t\t<\/div>\n\t\t\t\t\t<\/div>\n\t\t<\/div>\n\t\t\t\t\t<\/div>\n\t\t<\/section>\n\t\t\t\t<div class=\"elementor-element elementor-element-9bd3930 elementor-widget elementor-widget-spacer\" data-id=\"9bd3930\" data-element_type=\"widget\" data-e-type=\"widget\" data-widget_type=\"spacer.default\">\n\t\t\t\t\t\t\t<div class=\"elementor-spacer\">\n\t\t\t<div class=\"elementor-spacer-inner\"><\/div>\n\t\t<\/div>\n\t\t\t\t\t\t<\/div>\n\t\t\t\t\t<\/div>\n\t\t<\/div>\n\t\t\t\t\t<\/div>\n\t\t<\/section>\n\t\t<div class=\"elementor-element elementor-element-7d797a55 elementor-hidden-desktop e-flex e-con-boxed e-con e-parent\" data-id=\"7d797a55\" data-element_type=\"container\" data-e-type=\"container\" data-settings=\"{&quot;background_background&quot;:&quot;classic&quot;}\">\n\t\t\t\t\t<div class=\"e-con-inner\">\n\t\t<div class=\"elementor-element elementor-element-52038b5 e-con-full e-flex e-con e-child\" data-id=\"52038b5\" data-element_type=\"container\" data-e-type=\"container\" data-settings=\"{&quot;background_background&quot;:&quot;classic&quot;}\">\n\t\t\t\t<div class=\"elementor-element elementor-element-7c356165 elementor-widget elementor-widget-spacer\" data-id=\"7c356165\" data-element_type=\"widget\" data-e-type=\"widget\" data-widget_type=\"spacer.default\">\n\t\t\t\t\t\t\t<div class=\"elementor-spacer\">\n\t\t\t<div class=\"elementor-spacer-inner\"><\/div>\n\t\t<\/div>\n\t\t\t\t\t\t<\/div>\n\t\t\t\t<div class=\"elementor-element elementor-element-28b7ecd5 elementor-widget elementor-widget-heading\" data-id=\"28b7ecd5\" data-element_type=\"widget\" data-e-type=\"widget\" data-settings=\"{&quot;_animation_mobile&quot;:&quot;fadeInDown&quot;}\" data-widget_type=\"heading.default\">\n\t\t\t\t\t<h2 class=\"elementor-heading-title elementor-size-default\">Novo desconto Coopert\u00e1xi<\/h2>\t\t\t\t<\/div>\n\t\t\t\t<div class=\"elementor-element elementor-element-6f3a20b9 elementor-widget elementor-widget-spacer\" data-id=\"6f3a20b9\" data-element_type=\"widget\" data-e-type=\"widget\" data-widget_type=\"spacer.default\">\n\t\t\t\t\t\t\t<div class=\"elementor-spacer\">\n\t\t\t<div class=\"elementor-spacer-inner\"><\/div>\n\t\t<\/div>\n\t\t\t\t\t\t<\/div>\n\t\t\t\t<div class=\"elementor-element elementor-element-29419d90 elementor-widget elementor-widget-spacer\" data-id=\"29419d90\" data-element_type=\"widget\" data-e-type=\"widget\" data-widget_type=\"spacer.default\">\n\t\t\t\t\t\t\t<div class=\"elementor-spacer\">\n\t\t\t<div class=\"elementor-spacer-inner\"><\/div>\n\t\t<\/div>\n\t\t\t\t\t\t<\/div>\n\t\t\t\t<\/div>\n\t\t\t\t\t<\/div>\n\t\t\t\t<\/div>\n\t\t\t\t<section class=\"elementor-section elementor-top-section elementor-element elementor-element-36848f97 elementor-section-boxed elementor-section-height-default elementor-section-height-default\" data-id=\"36848f97\" data-element_type=\"section\" data-e-type=\"section\">\n\t\t\t\t\t\t<div class=\"elementor-container elementor-column-gap-no\">\n\t\t\t\t\t<div class=\"elementor-column elementor-col-100 elementor-top-column elementor-element elementor-element-12d909f0\" data-id=\"12d909f0\" data-element_type=\"column\" data-e-type=\"column\">\n\t\t\t<div class=\"elementor-widget-wrap elementor-element-populated\">\n\t\t\t\t\t\t<div class=\"elementor-element elementor-element-16639bf9 elementor-widget elementor-widget-heading\" data-id=\"16639bf9\" data-element_type=\"widget\" data-e-type=\"widget\" data-widget_type=\"heading.default\">\n\t\t\t\t\t<h2 class=\"elementor-heading-title elementor-size-default\">Dear customer, partner, and app user:<\/h2>\t\t\t\t<\/div>\n\t\t\t\t<div class=\"elementor-element elementor-element-18efc94f elementor-widget elementor-widget-text-editor\" data-id=\"18efc94f\" data-element_type=\"widget\" data-e-type=\"widget\" data-widget_type=\"text-editor.default\">\n\t\t\t\t\t\t\t\t\t<p class=\"translation-block\">We would like to inform you of new changes to the discounts offered by Coopert\u00e1xi-BH. Starting November 1st, 2024, the 5% and 10% discounts will be valid for rides with final values above R$18.00. Lower amounts will have variable discounts according to the taximeter value.\n\nThese changes are necessary to better adapt our service, offering fair and accessible prices that match the quality of service provided.\n\nTo clarify, see below how the discount will apply according to the \u201cFINAL AMOUNT\u201d of each ride:<\/p><ul><li>Up to R$18.00 \u2013 no discount applied;<\/li><li>Between R$18.00 and R$18.95 \u2013 the amount paid will be R$18.00 for 5% discounts;<\/li><li>Between R$18.00 and R$20.00 \u2013 the amount paid will be R$18.00 for 10% discounts;<\/li><li>Above R$18.95 \u2013 a discount of up to 5% will be applied if the active discount is 5%;<\/li><li>Above R$20.00 \u2013 a discount of up to 10% will be applied if the active discount is 10%.<\/li><\/ul><div>\u00a0<\/div><p>We are always working to ensure positive experiences for all passengers, prioritizing comfort, safety, and convenience.<\/p><p>If you have any questions, please contact us through our social media channels or customer service.<\/p><p><em>Count on Coopert\u00e1xi-BH!<\/em><\/p>\t\t\t\t\t\t\t\t<\/div>\n\t\t\t\t\t<\/div>\n\t\t<\/div>\n\t\t\t\t\t<\/div>\n\t\t<\/section>\n\t\t\t\t<\/div>","protected":false},"excerpt":{"rendered":"<p>Novo Desconto Coopert\u00e1xi Novo desconto Coopert\u00e1xi Caro cliente, parceiro e usu\u00e1rio do APP: Informamos novas mudan\u00e7as nos descontos oferecidos pela Coopert\u00e1xi-BH, a partir do dia\u00a001 de Novembro de 2024, o desconto de 5% e 10% ser\u00e1 v\u00e1lido para corridas finalizadas com valores superiores a\u00a0R$18,00. Valores menores ter\u00e3o descontos variados, de acordo com o valor do [&hellip;]<\/p>","protected":false},"author":1,"featured_media":0,"parent":0,"menu_order":0,"comment_status":"closed","ping_status":"closed","template":"elementor_header_footer","meta":{"footnotes":""},"class_list":["post-620","page","type-page","status-publish","hentry"],"yoast_head":"<!-- This site is optimized with the Yoast SEO plugin v27.4 - https:\/\/yoast.com\/product\/yoast-seo-wordpress\/ -->\n<title>Pol\u00edtica de Desconto Coopert\u00e1xi BH | Consulte Nossos Descontos<\/title>\n<meta name=\"description\" content=\"Consulte a pol\u00edtica de descontos da Coopert\u00e1xi BH e veja como aproveitar tarifas especiais em suas corridas!\" \/>\n<meta name=\"robots\" content=\"index, follow, max-snippet:-1, max-image-preview:large, max-video-preview:-1\" \/>\n<link rel=\"canonical\" href=\"https:\/\/coopertaxi-bh.com.br\/en\/novo-desconto-coopertaxi\/\" \/>\n<meta property=\"og:locale\" content=\"en_US\" \/>\n<meta property=\"og:type\" content=\"article\" \/>\n<meta property=\"og:title\" content=\"Pol\u00edtica de Desconto Coopert\u00e1xi BH | Consulte Nossos Descontos\" \/>\n<meta property=\"og:description\" content=\"Consulte a pol\u00edtica de descontos da Coopert\u00e1xi BH e veja como aproveitar tarifas especiais em suas corridas!\" \/>\n<meta property=\"og:url\" content=\"https:\/\/coopertaxi-bh.com.br\/en\/novo-desconto-coopertaxi\/\" \/>\n<meta property=\"og:site_name\" content=\"Coopert\u00e1xi BH | T\u00e1xi com Seguran\u00e7a, Tradi\u00e7\u00e3o e Confian\u00e7a\" \/>\n<meta property=\"article:modified_time\" content=\"2025-08-05T14:33:28+00:00\" \/>\n<meta name=\"twitter:card\" content=\"summary_large_image\" \/>\n<meta name=\"twitter:label1\" content=\"Est. reading time\" \/>\n\t<meta name=\"twitter:data1\" content=\"2 minutes\" \/>\n<script type=\"application\/ld+json\" class=\"yoast-schema-graph\">{\"@context\":\"https:\\\/\\\/schema.org\",\"@graph\":[{\"@type\":\"WebPage\",\"@id\":\"https:\\\/\\\/coopertaxi-bh.com.br\\\/novo-desconto-coopertaxi\\\/\",\"url\":\"https:\\\/\\\/coopertaxi-bh.com.br\\\/novo-desconto-coopertaxi\\\/\",\"name\":\"Pol\u00edtica de Desconto Coopert\u00e1xi BH | Consulte Nossos Descontos\",\"isPartOf\":{\"@id\":\"https:\\\/\\\/coopertaxi-bh.com.br\\\/#website\"},\"datePublished\":\"2025-07-28T23:03:20+00:00\",\"dateModified\":\"2025-08-05T14:33:28+00:00\",\"description\":\"Consulte a pol\u00edtica de descontos da Coopert\u00e1xi BH e veja como aproveitar tarifas especiais em suas corridas!\",\"breadcrumb\":{\"@id\":\"https:\\\/\\\/coopertaxi-bh.com.br\\\/novo-desconto-coopertaxi\\\/#breadcrumb\"},\"inLanguage\":\"en-US\",\"potentialAction\":[{\"@type\":\"ReadAction\",\"target\":[\"https:\\\/\\\/coopertaxi-bh.com.br\\\/novo-desconto-coopertaxi\\\/\"]}]},{\"@type\":\"BreadcrumbList\",\"@id\":\"https:\\\/\\\/coopertaxi-bh.com.br\\\/novo-desconto-coopertaxi\\\/#breadcrumb\",\"itemListElement\":[{\"@type\":\"ListItem\",\"position\":1,\"name\":\"In\u00edcio\",\"item\":\"https:\\\/\\\/coopertaxi-bh.com.br\\\/\"},{\"@type\":\"ListItem\",\"position\":2,\"name\":\"Pol\u00edtica de Desconto\"}]},{\"@type\":\"WebSite\",\"@id\":\"https:\\\/\\\/coopertaxi-bh.com.br\\\/#website\",\"url\":\"https:\\\/\\\/coopertaxi-bh.com.br\\\/\",\"name\":\"Coopert\u00e1xi BH | T\u00e1xi com Seguran\u00e7a, Tradi\u00e7\u00e3o e Confian\u00e7a\",\"description\":\"Coopert\u00e1xi BH: A maior cooperativa de t\u00e1xis de BH, desde 1984. Transporte seguro, frota moderna, app exclusivo e atendimento 24h.\",\"publisher\":{\"@id\":\"https:\\\/\\\/coopertaxi-bh.com.br\\\/#organization\"},\"potentialAction\":[{\"@type\":\"SearchAction\",\"target\":{\"@type\":\"EntryPoint\",\"urlTemplate\":\"https:\\\/\\\/coopertaxi-bh.com.br\\\/?s={search_term_string}\"},\"query-input\":{\"@type\":\"PropertyValueSpecification\",\"valueRequired\":true,\"valueName\":\"search_term_string\"}}],\"inLanguage\":\"en-US\"},{\"@type\":\"Organization\",\"@id\":\"https:\\\/\\\/coopertaxi-bh.com.br\\\/#organization\",\"name\":\"Coopert\u00e1xi BH | T\u00e1xi com Seguran\u00e7a, Tradi\u00e7\u00e3o e Confian\u00e7a\",\"url\":\"https:\\\/\\\/coopertaxi-bh.com.br\\\/\",\"logo\":{\"@type\":\"ImageObject\",\"inLanguage\":\"en-US\",\"@id\":\"https:\\\/\\\/coopertaxi-bh.com.br\\\/#\\\/schema\\\/logo\\\/image\\\/\",\"url\":\"https:\\\/\\\/coopertaxi-bh.com.br\\\/wp-content\\\/uploads\\\/2025\\\/07\\\/Logotipo-Coopertaxi-BH-Com-Texto-1.webp\",\"contentUrl\":\"https:\\\/\\\/coopertaxi-bh.com.br\\\/wp-content\\\/uploads\\\/2025\\\/07\\\/Logotipo-Coopertaxi-BH-Com-Texto-1.webp\",\"width\":630,\"height\":194,\"caption\":\"Coopert\u00e1xi BH | T\u00e1xi com Seguran\u00e7a, Tradi\u00e7\u00e3o e Confian\u00e7a\"},\"image\":{\"@id\":\"https:\\\/\\\/coopertaxi-bh.com.br\\\/#\\\/schema\\\/logo\\\/image\\\/\"}}]}<\/script>\n<!-- \/ Yoast SEO plugin. -->","yoast_head_json":{"title":"Pol\u00edtica de Desconto Coopert\u00e1xi BH | Consulte Nossos Descontos","description":"Consulte a pol\u00edtica de descontos da Coopert\u00e1xi BH e veja como aproveitar tarifas especiais em suas corridas!","robots":{"index":"index","follow":"follow","max-snippet":"max-snippet:-1","max-image-preview":"max-image-preview:large","max-video-preview":"max-video-preview:-1"},"canonical":"https:\/\/coopertaxi-bh.com.br\/en\/novo-desconto-coopertaxi\/","og_locale":"en_US","og_type":"article","og_title":"Pol\u00edtica de Desconto Coopert\u00e1xi BH | Consulte Nossos Descontos","og_description":"Consulte a pol\u00edtica de descontos da Coopert\u00e1xi BH e veja como aproveitar tarifas especiais em suas corridas!","og_url":"https:\/\/coopertaxi-bh.com.br\/en\/novo-desconto-coopertaxi\/","og_site_name":"Coopert\u00e1xi BH | T\u00e1xi com Seguran\u00e7a, Tradi\u00e7\u00e3o e Confian\u00e7a","article_modified_time":"2025-08-05T14:33:28+00:00","twitter_card":"summary_large_image","twitter_misc":{"Est. reading time":"2 minutes"},"schema":{"@context":"https:\/\/schema.org","@graph":[{"@type":"WebPage","@id":"https:\/\/coopertaxi-bh.com.br\/novo-desconto-coopertaxi\/","url":"https:\/\/coopertaxi-bh.com.br\/novo-desconto-coopertaxi\/","name":"Pol\u00edtica de Desconto Coopert\u00e1xi BH | Consulte Nossos Descontos","isPartOf":{"@id":"https:\/\/coopertaxi-bh.com.br\/#website"},"datePublished":"2025-07-28T23:03:20+00:00","dateModified":"2025-08-05T14:33:28+00:00","description":"Consulte a pol\u00edtica de descontos da Coopert\u00e1xi BH e veja como aproveitar tarifas especiais em suas corridas!","breadcrumb":{"@id":"https:\/\/coopertaxi-bh.com.br\/novo-desconto-coopertaxi\/#breadcrumb"},"inLanguage":"en-US","potentialAction":[{"@type":"ReadAction","target":["https:\/\/coopertaxi-bh.com.br\/novo-desconto-coopertaxi\/"]}]},{"@type":"BreadcrumbList","@id":"https:\/\/coopertaxi-bh.com.br\/novo-desconto-coopertaxi\/#breadcrumb","itemListElement":[{"@type":"ListItem","position":1,"name":"In\u00edcio","item":"https:\/\/coopertaxi-bh.com.br\/"},{"@type":"ListItem","position":2,"name":"Pol\u00edtica de Desconto"}]},{"@type":"WebSite","@id":"https:\/\/coopertaxi-bh.com.br\/#website","url":"https:\/\/coopertaxi-bh.com.br\/","name":"Coopert\u00e1xi BH | Taxi with Safety, Tradition and Trust","description":"Coopert\u00e1xi BH: A maior cooperativa de t\u00e1xis de BH, desde 1984. Transporte seguro, frota moderna, app exclusivo e atendimento 24h.","publisher":{"@id":"https:\/\/coopertaxi-bh.com.br\/#organization"},"potentialAction":[{"@type":"SearchAction","target":{"@type":"EntryPoint","urlTemplate":"https:\/\/coopertaxi-bh.com.br\/?s={search_term_string}"},"query-input":{"@type":"PropertyValueSpecification","valueRequired":true,"valueName":"search_term_string"}}],"inLanguage":"en-US"},{"@type":"Organization","@id":"https:\/\/coopertaxi-bh.com.br\/#organization","name":"Coopert\u00e1xi BH | Taxi with Safety, Tradition and Trust","url":"https:\/\/coopertaxi-bh.com.br\/","logo":{"@type":"ImageObject","inLanguage":"en-US","@id":"https:\/\/coopertaxi-bh.com.br\/#\/schema\/logo\/image\/","url":"https:\/\/coopertaxi-bh.com.br\/wp-content\/uploads\/2025\/07\/Logotipo-Coopertaxi-BH-Com-Texto-1.webp","contentUrl":"https:\/\/coopertaxi-bh.com.br\/wp-content\/uploads\/2025\/07\/Logotipo-Coopertaxi-BH-Com-Texto-1.webp","width":630,"height":194,"caption":"Coopert\u00e1xi BH | T\u00e1xi com Seguran\u00e7a, Tradi\u00e7\u00e3o e Confian\u00e7a"},"image":{"@id":"https:\/\/coopertaxi-bh.com.br\/#\/schema\/logo\/image\/"}}]}},"_links":{"self":[{"href":"https:\/\/coopertaxi-bh.com.br\/en\/wp-json\/wp\/v2\/pages\/620","targetHints":{"allow":["GET"]}}],"collection":[{"href":"https:\/\/coopertaxi-bh.com.br\/en\/wp-json\/wp\/v2\/pages"}],"about":[{"href":"https:\/\/coopertaxi-bh.com.br\/en\/wp-json\/wp\/v2\/types\/page"}],"author":[{"embeddable":true,"href":"https:\/\/coopertaxi-bh.com.br\/en\/wp-json\/wp\/v2\/users\/1"}],"replies":[{"embeddable":true,"href":"https:\/\/coopertaxi-bh.com.br\/en\/wp-json\/wp\/v2\/comments?post=620"}],"version-history":[{"count":4,"href":"https:\/\/coopertaxi-bh.com.br\/en\/wp-json\/wp\/v2\/pages\/620\/revisions"}],"predecessor-version":[{"id":1173,"href":"https:\/\/coopertaxi-bh.com.br\/en\/wp-json\/wp\/v2\/pages\/620\/revisions\/1173"}],"wp:attachment":[{"href":"https:\/\/coopertaxi-bh.com.br\/en\/wp-json\/wp\/v2\/media?parent=620"}],"curies":[{"name":"wp","href":"https:\/\/api.w.org\/{rel}","templated":true}]}}